{"id":13,"date":"2021-08-04T19:23:57","date_gmt":"2021-08-04T23:23:57","guid":{"rendered":"https:\/\/www.airenfete-13730204208.futehost.ca\/?page_id=13"},"modified":"2023-09-26T09:21:18","modified_gmt":"2023-09-26T13:21:18","slug":"accueil","status":"publish","type":"page","link":"https:\/\/www.airenfete.com\/staging\/","title":{"rendered":"Accueil"},"content":{"rendered":"\t\t<div data-elementor-type=\"wp-page\" data-elementor-id=\"13\" class=\"elementor elementor-13\" data-elementor-post-type=\"page\">\n\t\t\t\t\t\t\t\t\t<section class=\"elementor-section elementor-top-section elementor-element elementor-element-9ed7df7 elementor-section-full_width elementor-section-height-min-height elementor-section-items-bottom elementor-section-height-default\" data-id=\"9ed7df7\" data-element_type=\"section\" data-settings=\"{&quot;background_background&quot;:&quot;classic&quot;}\">\n\t\t\t\t\t\t<div class=\"elementor-container elementor-column-gap-default\">\n\t\t\t\t\t<div class=\"elementor-column elementor-col-100 elementor-top-column elementor-element elementor-element-5d1fd17\" data-id=\"5d1fd17\" data-element_type=\"column\">\n\t\t\t<div class=\"elementor-widget-wrap elementor-element-populated\">\n\t\t\t\t\t\t\t\t<div class=\"elementor-element elementor-element-ea0d7bc elementor-widget elementor-widget-heading\" data-id=\"ea0d7bc\" data-element_type=\"widget\" data-widget_type=\"heading.default\">\n\t\t\t\t<div class=\"elementor-widget-container\">\n\t\t\t<style>\/*! elementor - v3.17.0 - 08-11-2023 *\/\n.elementor-heading-title{padding:0;margin:0;line-height:1}.elementor-widget-heading .elementor-heading-title[class*=elementor-size-]>a{color:inherit;font-size:inherit;line-height:inherit}.elementor-widget-heading .elementor-heading-title.elementor-size-small{font-size:15px}.elementor-widget-heading .elementor-heading-title.elementor-size-medium{font-size:19px}.elementor-widget-heading .elementor-heading-title.elementor-size-large{font-size:29px}.elementor-widget-heading .elementor-heading-title.elementor-size-xl{font-size:39px}.elementor-widget-heading .elementor-heading-title.elementor-size-xxl{font-size:59px}<\/style><h2 class=\"elementor-heading-title elementor-size-default\">Nos camps.<\/h2>\t\t<\/div>\n\t\t\t\t<\/div>\n\t\t\t\t<div class=\"elementor-element elementor-element-796bb44 elementor-widget elementor-widget-heading\" data-id=\"796bb44\" data-element_type=\"widget\" data-widget_type=\"heading.default\">\n\t\t\t\t<div class=\"elementor-widget-container\">\n\t\t\t<h2 class=\"elementor-heading-title elementor-size-default\">ses amiti\u00e9s.<\/h2>\t\t<\/div>\n\t\t\t\t<\/div>\n\t\t\t\t<div class=\"elementor-element elementor-element-0c0507c elementor-widget elementor-widget-heading\" data-id=\"0c0507c\" data-element_type=\"widget\" data-widget_type=\"heading.default\">\n\t\t\t\t<div class=\"elementor-widget-container\">\n\t\t\t<h2 class=\"elementor-heading-title elementor-size-default\">ses souvenirs.<\/h2>\t\t<\/div>\n\t\t\t\t<\/div>\n\t\t\t\t\t<\/div>\n\t\t<\/div>\n\t\t\t\t\t\t\t<\/div>\n\t\t<\/section>\n\t\t\t\t<section class=\"elementor-section elementor-top-section elementor-element elementor-element-41e5cd8 elementor-section-full_width elementor-section-height-default elementor-section-height-default\" data-id=\"41e5cd8\" data-element_type=\"section\">\n\t\t\t\t\t\t<div class=\"elementor-container elementor-column-gap-default\">\n\t\t\t\t\t<div class=\"elementor-column elementor-col-100 elementor-top-column elementor-element elementor-element-b70931a\" data-id=\"b70931a\" data-element_type=\"column\">\n\t\t\t<div class=\"elementor-widget-wrap elementor-element-populated\">\n\t\t\t\t\t\t\t\t<div class=\"elementor-element elementor-element-46f29db elementor-widget__width-auto elementor-absolute elementor-hidden-phone elementor-widget elementor-widget-image\" data-id=\"46f29db\" data-element_type=\"widget\" data-settings=\"{&quot;_position&quot;:&quot;absolute&quot;}\" data-widget_type=\"image.default\">\n\t\t\t\t<div class=\"elementor-widget-container\">\n\t\t\t<style>\/*! elementor - v3.17.0 - 08-11-2023 *\/\n.elementor-widget-image{text-align:center}.elementor-widget-image a{display:inline-block}.elementor-widget-image a img[src$=\".svg\"]{width:48px}.elementor-widget-image img{vertical-align:middle;display:inline-block}<\/style>\t\t\t\t\t\t\t\t\t\t\t\t<img loading=\"lazy\" decoding=\"async\" width=\"210\" height=\"1024\" src=\"https:\/\/www.airenfete.com\/staging\/wp-content\/uploads\/2021\/08\/triangles-accueil-210x1024.png\" class=\"attachment-large size-large wp-image-444\" alt=\"\" \/>\t\t\t\t\t\t\t\t\t\t\t\t\t\t\t<\/div>\n\t\t\t\t<\/div>\n\t\t\t\t\t<\/div>\n\t\t<\/div>\n\t\t\t\t\t\t\t<\/div>\n\t\t<\/section>\n\t\t\t\t<section class=\"elementor-section elementor-top-section elementor-element elementor-element-aba7170 elementor-section-full_width elementor-section-height-default elementor-section-height-default\" data-id=\"aba7170\" data-element_type=\"section\">\n\t\t\t\t\t\t<div class=\"elementor-container elementor-column-gap-default\">\n\t\t\t\t\t<div class=\"elementor-column elementor-col-50 elementor-top-column elementor-element elementor-element-f7758e1\" data-id=\"f7758e1\" data-element_type=\"column\">\n\t\t\t<div class=\"elementor-widget-wrap elementor-element-populated\">\n\t\t\t\t\t\t\t\t<div class=\"elementor-element elementor-element-45d33ca elementor-widget elementor-widget-heading\" data-id=\"45d33ca\" data-element_type=\"widget\" data-widget_type=\"heading.default\">\n\t\t\t\t<div class=\"elementor-widget-container\">\n\t\t\t<h2 class=\"elementor-heading-title elementor-size-default\">Les camps de jour L\u2019Air en F\u00eate<\/h2>\t\t<\/div>\n\t\t\t\t<\/div>\n\t\t\t\t<div class=\"elementor-element elementor-element-aa2c636 elementor-widget elementor-widget-heading\" data-id=\"aa2c636\" data-element_type=\"widget\" data-widget_type=\"heading.default\">\n\t\t\t\t<div class=\"elementor-widget-container\">\n\t\t\t<h2 class=\"elementor-heading-title elementor-size-default\">Qui sommes-nous?<\/h2>\t\t<\/div>\n\t\t\t\t<\/div>\n\t\t\t\t<div class=\"elementor-element elementor-element-1ff913f elementor-widget elementor-widget-text-editor\" data-id=\"1ff913f\" data-element_type=\"widget\" data-widget_type=\"text-editor.default\">\n\t\t\t\t<div class=\"elementor-widget-container\">\n\t\t\t<style>\/*! elementor - v3.17.0 - 08-11-2023 *\/\n.elementor-widget-text-editor.elementor-drop-cap-view-stacked .elementor-drop-cap{background-color:#69727d;color:#fff}.elementor-widget-text-editor.elementor-drop-cap-view-framed .elementor-drop-cap{color:#69727d;border:3px solid;background-color:transparent}.elementor-widget-text-editor:not(.elementor-drop-cap-view-default) .elementor-drop-cap{margin-top:8px}.elementor-widget-text-editor:not(.elementor-drop-cap-view-default) .elementor-drop-cap-letter{width:1em;height:1em}.elementor-widget-text-editor .elementor-drop-cap{float:left;text-align:center;line-height:1;font-size:50px}.elementor-widget-text-editor .elementor-drop-cap-letter{display:inline-block}<\/style>\t\t\t\t<p>L\u2019Air en F\u00eate se sp\u00e9cialise dans la gestion\u00a0de camps de jour publics et priv\u00e9s.\u00a0<span style=\"color: var( --e-global-color-text ); font-family: var( --e-global-typography-text-font-family ), Sans-serif; font-style: inherit; font-weight: inherit; font-size: var( --e-global-typography-text-font-size );\">\u00a0<\/span><\/p>\t\t\t\t\t\t<\/div>\n\t\t\t\t<\/div>\n\t\t\t\t<div class=\"elementor-element elementor-element-1ad4092 elementor-icon-list--layout-traditional elementor-list-item-link-full_width elementor-widget elementor-widget-icon-list\" data-id=\"1ad4092\" data-element_type=\"widget\" data-widget_type=\"icon-list.default\">\n\t\t\t\t<div class=\"elementor-widget-container\">\n\t\t\t<link rel=\"stylesheet\" href=\"https:\/\/www.airenfete.com\/staging\/wp-content\/plugins\/elementor\/assets\/css\/widget-icon-list.min.css\">\t\t<ul class=\"elementor-icon-list-items\">\n\t\t\t\t\t\t\t<li class=\"elementor-icon-list-item\">\n\t\t\t\t\t\t\t\t\t\t\t<span class=\"elementor-icon-list-icon\">\n\t\t\t\t\t\t\t<svg xmlns=\"http:\/\/www.w3.org\/2000\/svg\" width=\"22.216\" height=\"24.692\" viewBox=\"0 0 22.216 24.692\"><path id=\"Triangle\" d=\"M119.9,62.72,103.926,53.5a3.117,3.117,0,0,0-4.68,2.7V74.646a3.117,3.117,0,0,0,4.68,2.7L119.9,68.124a3.12,3.12,0,0,0,0-5.4Z\" transform=\"translate(-99.246 -53.076)\" fill=\"#1946bb\"><\/path><\/svg>\t\t\t\t\t\t<\/span>\n\t\t\t\t\t\t\t\t\t\t<span class=\"elementor-icon-list-text\">Membre actif de l\u2019Association des camps du Qu\u00e9bec (ACQ)<\/span>\n\t\t\t\t\t\t\t\t\t<\/li>\n\t\t\t\t\t\t\t\t<li class=\"elementor-icon-list-item\">\n\t\t\t\t\t\t\t\t\t\t\t<span class=\"elementor-icon-list-icon\">\n\t\t\t\t\t\t\t<svg xmlns=\"http:\/\/www.w3.org\/2000\/svg\" width=\"22.216\" height=\"24.692\" viewBox=\"0 0 22.216 24.692\"><path id=\"Triangle\" d=\"M119.9,62.72,103.926,53.5a3.117,3.117,0,0,0-4.68,2.7V74.646a3.117,3.117,0,0,0,4.68,2.7L119.9,68.124a3.12,3.12,0,0,0,0-5.4Z\" transform=\"translate(-99.246 -53.076)\" fill=\"#fdc744\"><\/path><\/svg>\t\t\t\t\t\t<\/span>\n\t\t\t\t\t\t\t\t\t\t<span class=\"elementor-icon-list-text\">Organisme local agr\u00e9\u00e9 (OLA) dipl\u00f4me d'aptitude aux fonctions d'animateur (DAFA)\n<\/span>\n\t\t\t\t\t\t\t\t\t<\/li>\n\t\t\t\t\t\t\t\t<li class=\"elementor-icon-list-item\">\n\t\t\t\t\t\t\t\t\t\t\t<span class=\"elementor-icon-list-icon\">\n\t\t\t\t\t\t\t<svg xmlns=\"http:\/\/www.w3.org\/2000\/svg\" width=\"22.216\" height=\"24.692\" viewBox=\"0 0 22.216 24.692\"><path id=\"Triangle\" d=\"M119.9,62.72,103.926,53.5a3.117,3.117,0,0,0-4.68,2.7V74.646a3.117,3.117,0,0,0,4.68,2.7L119.9,68.124a3.12,3.12,0,0,0,0-5.4Z\" transform=\"translate(-99.246 -53.076)\" fill=\"#fd671d\"><\/path><\/svg>\t\t\t\t\t\t<\/span>\n\t\t\t\t\t\t\t\t\t\t<span class=\"elementor-icon-list-text\">Gestion de 22 camps de jour municipaux et de 6 camps priv\u00e9s<\/span>\n\t\t\t\t\t\t\t\t\t<\/li>\n\t\t\t\t\t\t<\/ul>\n\t\t\t\t<\/div>\n\t\t\t\t<\/div>\n\t\t\t\t<div class=\"elementor-element elementor-element-6900d50 elementor-widget elementor-widget-text-editor\" data-id=\"6900d50\" data-element_type=\"widget\" data-widget_type=\"text-editor.default\">\n\t\t\t\t<div class=\"elementor-widget-container\">\n\t\t\t\t\t\t\t<p>Notre mission depuis l&rsquo;ann\u00e9e 2000<b>\u00a0:<\/b><\/p>\t\t\t\t\t\t<\/div>\n\t\t\t\t<\/div>\n\t\t\t\t<div class=\"elementor-element elementor-element-bbc1c52 elementor-widget elementor-widget-heading\" data-id=\"bbc1c52\" data-element_type=\"widget\" data-widget_type=\"heading.default\">\n\t\t\t\t<div class=\"elementor-widget-container\">\n\t\t\t<h2 class=\"elementor-heading-title elementor-size-default\">CR\u00c9ER DES SOURIRES DANS UN ENVIRONNEMENT S\u00c9CURITAIRE!<\/h2>\t\t<\/div>\n\t\t\t\t<\/div>\n\t\t\t\t\t<\/div>\n\t\t<\/div>\n\t\t\t\t<div class=\"elementor-column elementor-col-50 elementor-top-column elementor-element elementor-element-473c856\" data-id=\"473c856\" data-element_type=\"column\">\n\t\t\t<div class=\"elementor-widget-wrap elementor-element-populated\">\n\t\t\t\t\t\t\t\t<div class=\"elementor-element elementor-element-6b4aca1 elementor-widget elementor-widget-image\" data-id=\"6b4aca1\" data-element_type=\"widget\" data-widget_type=\"image.default\">\n\t\t\t\t<div class=\"elementor-widget-container\">\n\t\t\t\t\t\t\t\t\t\t\t\t\t\t\t<img loading=\"lazy\" decoding=\"async\" width=\"723\" height=\"703\" src=\"https:\/\/www.airenfete.com\/staging\/wp-content\/uploads\/2021\/08\/enfants-camps-de-jour.png\" class=\"attachment-large size-large wp-image-443\" alt=\"\" srcset=\"https:\/\/www.airenfete.com\/staging\/wp-content\/uploads\/2021\/08\/enfants-camps-de-jour.png 723w, https:\/\/www.airenfete.com\/staging\/wp-content\/uploads\/2021\/08\/enfants-camps-de-jour-300x292.png 300w\" sizes=\"auto, (max-width: 723px) 100vw, 723px\" \/>\t\t\t\t\t\t\t\t\t\t\t\t\t\t\t<\/div>\n\t\t\t\t<\/div>\n\t\t\t\t\t<\/div>\n\t\t<\/div>\n\t\t\t\t\t\t\t<\/div>\n\t\t<\/section>\n\t\t\t\t<section class=\"elementor-section elementor-top-section elementor-element elementor-element-148fa51 elementor-section-boxed elementor-section-height-default elementor-section-height-default\" data-id=\"148fa51\" data-element_type=\"section\" data-settings=\"{&quot;background_background&quot;:&quot;classic&quot;}\">\n\t\t\t\t\t\t<div class=\"elementor-container elementor-column-gap-default\">\n\t\t\t\t\t<div class=\"elementor-column elementor-col-100 elementor-top-column elementor-element elementor-element-d130457\" data-id=\"d130457\" data-element_type=\"column\">\n\t\t\t<div class=\"elementor-widget-wrap elementor-element-populated\">\n\t\t\t\t\t\t\t\t<div class=\"elementor-element elementor-element-f064d40 elementor-widget elementor-widget-heading\" data-id=\"f064d40\" data-element_type=\"widget\" data-widget_type=\"heading.default\">\n\t\t\t\t<div class=\"elementor-widget-container\">\n\t\t\t<h2 class=\"elementor-heading-title elementor-size-default\">LE SAVIEZ-VOUS?<\/h2>\t\t<\/div>\n\t\t\t\t<\/div>\n\t\t\t\t<div class=\"elementor-element elementor-element-e2d6836 elementor-widget elementor-widget-heading\" data-id=\"e2d6836\" data-element_type=\"widget\" data-widget_type=\"heading.default\">\n\t\t\t\t<div class=\"elementor-widget-container\">\n\t\t\t<h2 class=\"elementor-heading-title elementor-size-default\">Les municipalit\u00e9s d\u00e9l\u00e8guent de plus en plus la gestion de leurs camps de jour<\/h2>\t\t<\/div>\n\t\t\t\t<\/div>\n\t\t\t\t<div class=\"elementor-element elementor-element-4d4d126 elementor-widget elementor-widget-text-editor\" data-id=\"4d4d126\" data-element_type=\"widget\" data-widget_type=\"text-editor.default\">\n\t\t\t\t<div class=\"elementor-widget-container\">\n\t\t\t\t\t\t\t<p>La d\u00e9l\u00e9gation de la gestion des camps de jour prend de l\u2019ampleur au Qu\u00e9bec. En 2018, 48 % des camps municipaux optaient pour cette solution, une augmentation de 10 % par rapport \u00e0 2016.<\/p><p>\u00a0Source : OBSERVATOIRE QU\u00c9B\u00c9COIS DU LOISIR, un portrait des camps de jour municipaux en 2018, vol. 17, no 2, 2019.<\/p>\t\t\t\t\t\t<\/div>\n\t\t\t\t<\/div>\n\t\t\t\t\t<\/div>\n\t\t<\/div>\n\t\t\t\t\t\t\t<\/div>\n\t\t<\/section>\n\t\t\t\t<section class=\"elementor-section elementor-top-section elementor-element elementor-element-f279065 elementor-section-full_width elementor-reverse-tablet elementor-reverse-mobile elementor-section-height-default elementor-section-height-default\" data-id=\"f279065\" data-element_type=\"section\">\n\t\t\t\t\t\t<div class=\"elementor-container elementor-column-gap-default\">\n\t\t\t\t\t<div class=\"elementor-column elementor-col-50 elementor-top-column elementor-element elementor-element-36fbddb\" data-id=\"36fbddb\" data-element_type=\"column\">\n\t\t\t<div class=\"elementor-widget-wrap elementor-element-populated\">\n\t\t\t\t\t\t\t\t<div class=\"elementor-element elementor-element-f602a7a elementor-hidden-phone elementor-widget elementor-widget-image\" data-id=\"f602a7a\" data-element_type=\"widget\" data-widget_type=\"image.default\">\n\t\t\t\t<div class=\"elementor-widget-container\">\n\t\t\t\t\t\t\t\t\t\t\t\t\t\t\t<img loading=\"lazy\" decoding=\"async\" width=\"872\" height=\"877\" src=\"https:\/\/www.airenfete.com\/staging\/wp-content\/uploads\/2021\/08\/gestion-camp-de-jour-air-en-fete.png\" class=\"attachment-large size-large wp-image-445\" alt=\"\" srcset=\"https:\/\/www.airenfete.com\/staging\/wp-content\/uploads\/2021\/08\/gestion-camp-de-jour-air-en-fete.png 872w, https:\/\/www.airenfete.com\/staging\/wp-content\/uploads\/2021\/08\/gestion-camp-de-jour-air-en-fete-298x300.png 298w, https:\/\/www.airenfete.com\/staging\/wp-content\/uploads\/2021\/08\/gestion-camp-de-jour-air-en-fete-150x150.png 150w, https:\/\/www.airenfete.com\/staging\/wp-content\/uploads\/2021\/08\/gestion-camp-de-jour-air-en-fete-768x772.png 768w\" sizes=\"auto, (max-width: 872px) 100vw, 872px\" \/>\t\t\t\t\t\t\t\t\t\t\t\t\t\t\t<\/div>\n\t\t\t\t<\/div>\n\t\t\t\t\t<\/div>\n\t\t<\/div>\n\t\t\t\t<div class=\"elementor-column elementor-col-50 elementor-top-column elementor-element elementor-element-cf3e93e\" data-id=\"cf3e93e\" data-element_type=\"column\" data-settings=\"{&quot;background_background&quot;:&quot;classic&quot;}\">\n\t\t\t<div class=\"elementor-widget-wrap elementor-element-populated\">\n\t\t\t\t\t\t\t\t<div class=\"elementor-element elementor-element-a6d5d33 elementor-widget elementor-widget-heading\" data-id=\"a6d5d33\" data-element_type=\"widget\" data-widget_type=\"heading.default\">\n\t\t\t\t<div class=\"elementor-widget-container\">\n\t\t\t<h2 class=\"elementor-heading-title elementor-size-default\">Villes, confiez la gestion de votre\ncamp de jour \u00e0 L\u2019Air en F\u00eate!<\/h2>\t\t<\/div>\n\t\t\t\t<\/div>\n\t\t\t\t<div class=\"elementor-element elementor-element-aa5f438 elementor-widget elementor-widget-heading\" data-id=\"aa5f438\" data-element_type=\"widget\" data-widget_type=\"heading.default\">\n\t\t\t\t<div class=\"elementor-widget-container\">\n\t\t\t<h2 class=\"elementor-heading-title elementor-size-default\">Vous obtiendrez plus de services avec le m\u00eame budget <\/h2>\t\t<\/div>\n\t\t\t\t<\/div>\n\t\t\t\t<div class=\"elementor-element elementor-element-ce6c880 elementor-icon-list--layout-traditional elementor-list-item-link-full_width elementor-widget elementor-widget-icon-list\" data-id=\"ce6c880\" data-element_type=\"widget\" data-widget_type=\"icon-list.default\">\n\t\t\t\t<div class=\"elementor-widget-container\">\n\t\t\t\t\t<ul class=\"elementor-icon-list-items\">\n\t\t\t\t\t\t\t<li class=\"elementor-icon-list-item\">\n\t\t\t\t\t\t\t\t\t\t\t<span class=\"elementor-icon-list-icon\">\n\t\t\t\t\t\t\t<svg xmlns=\"http:\/\/www.w3.org\/2000\/svg\" width=\"22.216\" height=\"24.692\" viewBox=\"0 0 22.216 24.692\"><path id=\"Triangle\" d=\"M119.9,62.72,103.926,53.5a3.117,3.117,0,0,0-4.68,2.7V74.646a3.117,3.117,0,0,0,4.68,2.7L119.9,68.124a3.12,3.12,0,0,0,0-5.4Z\" transform=\"translate(-99.246 -53.076)\" fill=\"#1946bb\"><\/path><\/svg>\t\t\t\t\t\t<\/span>\n\t\t\t\t\t\t\t\t\t\t<span class=\"elementor-icon-list-text\">Prise en charge totale de la gestion de vos camp de jour<\/span>\n\t\t\t\t\t\t\t\t\t<\/li>\n\t\t\t\t\t\t\t\t<li class=\"elementor-icon-list-item\">\n\t\t\t\t\t\t\t\t\t\t\t<span class=\"elementor-icon-list-icon\">\n\t\t\t\t\t\t\t<svg xmlns=\"http:\/\/www.w3.org\/2000\/svg\" width=\"22.216\" height=\"24.692\" viewBox=\"0 0 22.216 24.692\"><path id=\"Triangle\" d=\"M119.9,62.72,103.926,53.5a3.117,3.117,0,0,0-4.68,2.7V74.646a3.117,3.117,0,0,0,4.68,2.7L119.9,68.124a3.12,3.12,0,0,0,0-5.4Z\" transform=\"translate(-99.246 -53.076)\" fill=\"#fdc744\"><\/path><\/svg>\t\t\t\t\t\t<\/span>\n\t\t\t\t\t\t\t\t\t\t<span class=\"elementor-icon-list-text\">Accr\u00e9ditation de vos camp de jour par l\u2019Association des camps du Qu\u00e9bec (ACQ)<\/span>\n\t\t\t\t\t\t\t\t\t<\/li>\n\t\t\t\t\t\t\t\t<li class=\"elementor-icon-list-item\">\n\t\t\t\t\t\t\t\t\t\t\t<span class=\"elementor-icon-list-icon\">\n\t\t\t\t\t\t\t<svg xmlns=\"http:\/\/www.w3.org\/2000\/svg\" width=\"22.216\" height=\"24.692\" viewBox=\"0 0 22.216 24.692\"><path id=\"Triangle\" d=\"M119.9,62.72,103.926,53.5a3.117,3.117,0,0,0-4.68,2.7V74.646a3.117,3.117,0,0,0,4.68,2.7L119.9,68.124a3.12,3.12,0,0,0,0-5.4Z\" transform=\"translate(-99.246 -53.076)\" fill=\"#fd671d\"><\/path><\/svg>\t\t\t\t\t\t<\/span>\n\t\t\t\t\t\t\t\t\t\t<span class=\"elementor-icon-list-text\">Conformit\u00e9 aux balises de qualit\u00e9 du cadre de r\u00e9f\u00e9rence de l\u2019ACQ<\/span>\n\t\t\t\t\t\t\t\t\t<\/li>\n\t\t\t\t\t\t\t\t<li class=\"elementor-icon-list-item\">\n\t\t\t\t\t\t\t\t\t\t\t<span class=\"elementor-icon-list-icon\">\n\t\t\t\t\t\t\t<svg xmlns=\"http:\/\/www.w3.org\/2000\/svg\" width=\"22.216\" height=\"24.692\" viewBox=\"0 0 22.216 24.692\"><path id=\"Triangle\" d=\"M119.9,62.72,103.926,53.5a3.117,3.117,0,0,0-4.68,2.7V74.646a3.117,3.117,0,0,0,4.68,2.7L119.9,68.124a3.12,3.12,0,0,0,0-5.4Z\" transform=\"translate(-99.246 -53.076)\" fill=\"#32b0c9\"><\/path><\/svg>\t\t\t\t\t\t<\/span>\n\t\t\t\t\t\t\t\t\t\t<span class=\"elementor-icon-list-text\">Formation DAFA offerte \u00e0  l\u2019ensemble de vos animateurs<\/span>\n\t\t\t\t\t\t\t\t\t<\/li>\n\t\t\t\t\t\t<\/ul>\n\t\t\t\t<\/div>\n\t\t\t\t<\/div>\n\t\t\t\t<div class=\"elementor-element elementor-element-f9a24ca elementor-widget elementor-widget-text-editor\" data-id=\"f9a24ca\" data-element_type=\"widget\" data-widget_type=\"text-editor.default\">\n\t\t\t\t<div class=\"elementor-widget-container\">\n\t\t\t\t\t\t\t<p>NOTRE SERVICE DE GESTION DE CAMPS DE JOUR VOUS INT\u00c9RESSE?<\/p><p>Une rencontre s\u2019impose ! \u00c0 cette occasion, nous vous\u00a0montrerons que ni vous ni vos citoyens ne devrez d\u00e9bourser plus d\u2019argent pour obtenir plus de d&rsquo;avantages.\u00a0<\/p>\t\t\t\t\t\t<\/div>\n\t\t\t\t<\/div>\n\t\t\t\t<section class=\"elementor-section elementor-inner-section elementor-element elementor-element-894889f elementor-section-boxed elementor-section-height-default elementor-section-height-default\" data-id=\"894889f\" data-element_type=\"section\">\n\t\t\t\t\t\t<div class=\"elementor-container elementor-column-gap-default\">\n\t\t\t\t\t<div class=\"elementor-column elementor-col-100 elementor-inner-column elementor-element elementor-element-3ce3ec2\" data-id=\"3ce3ec2\" data-element_type=\"column\" data-settings=\"{&quot;background_background&quot;:&quot;classic&quot;}\">\n\t\t\t<div class=\"elementor-widget-wrap elementor-element-populated\">\n\t\t\t\t\t\t\t\t<div class=\"elementor-element elementor-element-feed6be elementor-widget elementor-widget-text-editor\" data-id=\"feed6be\" data-element_type=\"widget\" data-widget_type=\"text-editor.default\">\n\t\t\t\t<div class=\"elementor-widget-container\">\n\t\t\t\t\t\t\t<p><strong>St\u00e9phan Desch\u00eane,<\/strong>\u00a0Responsable des partenariats<\/p><p>\u00a0438 497-2799<\/p><p><a href=\"mailto:partenariat@airenfete.com\" target=\"_blank\" rel=\"noopener\">partenariat@airenfete.com<\/a><\/p>\t\t\t\t\t\t<\/div>\n\t\t\t\t<\/div>\n\t\t\t\t\t<\/div>\n\t\t<\/div>\n\t\t\t\t\t\t\t<\/div>\n\t\t<\/section>\n\t\t\t\t<div class=\"elementor-element elementor-element-b36b1ba elementor-align-center elementor-icon-list--layout-traditional elementor-list-item-link-full_width elementor-widget elementor-widget-icon-list\" data-id=\"b36b1ba\" data-element_type=\"widget\" data-widget_type=\"icon-list.default\">\n\t\t\t\t<div class=\"elementor-widget-container\">\n\t\t\t\t\t<ul class=\"elementor-icon-list-items\">\n\t\t\t\t\t\t\t<li class=\"elementor-icon-list-item\">\n\t\t\t\t\t\t\t\t\t\t<span class=\"elementor-icon-list-text\"><\/span>\n\t\t\t\t\t\t\t\t\t<\/li>\n\t\t\t\t\t\t<\/ul>\n\t\t\t\t<\/div>\n\t\t\t\t<\/div>\n\t\t\t\t\t<\/div>\n\t\t<\/div>\n\t\t\t\t\t\t\t<\/div>\n\t\t<\/section>\n\t\t\t\t\t\t\t<\/div>\n\t\t","protected":false},"excerpt":{"rendered":"<p>Nos camps. ses amiti\u00e9s. ses souvenirs. Les camps de jour L\u2019Air en F\u00eate Qui sommes-nous? L\u2019Air en F\u00eate se sp\u00e9cialise dans la gestion\u00a0de camps de jour publics et priv\u00e9s. Membre actif de l\u2019Association des camps du Qu\u00e9bec (ACQ) Organisme local agr\u00e9\u00e9 (OLA) dipl\u00f4me d&rsquo;aptitude aux fonctions d&rsquo;animateur (DAFA) Gestion de 22 camps de jour municipaux &hellip;<\/p>\n<p class=\"read-more\"> <a class=\"\" href=\"https:\/\/www.airenfete.com\/staging\/\"> <span class=\"screen-reader-text\">Accueil<\/span> Lire la suite\u00a0\u00bb<\/a><\/p>\n","protected":false},"author":1,"featured_media":0,"parent":0,"menu_order":0,"comment_status":"closed","ping_status":"closed","template":"","meta":{"site-sidebar-layout":"no-sidebar","site-content-layout":"page-builder","ast-global-header-display":"","ast-banner-title-visibility":"","ast-main-header-display":"","ast-hfb-above-header-display":"","ast-hfb-below-header-display":"","ast-hfb-mobile-header-display":"","site-post-title":"disabled","ast-breadcrumbs-content":"","ast-featured-img":"disabled","footer-sml-layout":"","theme-transparent-header-meta":"default","adv-header-id-meta":"","stick-header-meta":"","header-above-stick-meta":"","header-main-stick-meta":"","header-below-stick-meta":"","footnotes":""},"class_list":["post-13","page","type-page","status-publish","hentry"],"_links":{"self":[{"href":"https:\/\/www.airenfete.com\/staging\/wp-json\/wp\/v2\/pages\/13","targetHints":{"allow":["GET"]}}],"collection":[{"href":"https:\/\/www.airenfete.com\/staging\/wp-json\/wp\/v2\/pages"}],"about":[{"href":"https:\/\/www.airenfete.com\/staging\/wp-json\/wp\/v2\/types\/page"}],"author":[{"embeddable":true,"href":"https:\/\/www.airenfete.com\/staging\/wp-json\/wp\/v2\/users\/1"}],"replies":[{"embeddable":true,"href":"https:\/\/www.airenfete.com\/staging\/wp-json\/wp\/v2\/comments?post=13"}],"version-history":[{"count":56,"href":"https:\/\/www.airenfete.com\/staging\/wp-json\/wp\/v2\/pages\/13\/revisions"}],"predecessor-version":[{"id":1294,"href":"https:\/\/www.airenfete.com\/staging\/wp-json\/wp\/v2\/pages\/13\/revisions\/1294"}],"wp:attachment":[{"href":"https:\/\/www.airenfete.com\/staging\/wp-json\/wp\/v2\/media?parent=13"}],"curies":[{"name":"wp","href":"https:\/\/api.w.org\/{rel}","templated":true}]}}