{"id":20,"date":"2021-08-04T15:30:44","date_gmt":"2021-08-04T19:30:44","guid":{"rendered":"https:\/\/www.airenfete-13730204208.futehost.ca\/?page_id=20"},"modified":"2023-10-11T14:25:05","modified_gmt":"2023-10-11T18:25:05","slug":"loi-25","status":"publish","type":"page","link":"https:\/\/www.airenfete.com\/staging\/loi-25\/","title":{"rendered":"Loi 25"},"content":{"rendered":"\t\t<div data-elementor-type=\"wp-page\" data-elementor-id=\"20\" class=\"elementor elementor-20\" data-elementor-post-type=\"page\">\n\t\t\t\t\t\t\t\t\t<section class=\"elementor-section elementor-top-section elementor-element elementor-element-4239a7e elementor-section-full_width elementor-section-height-min-height elementor-section-items-bottom elementor-section-height-default\" data-id=\"4239a7e\" data-element_type=\"section\" data-settings=\"{&quot;background_background&quot;:&quot;classic&quot;}\">\n\t\t\t\t\t\t<div class=\"elementor-container elementor-column-gap-default\">\n\t\t\t\t\t<div class=\"elementor-column elementor-col-100 elementor-top-column elementor-element elementor-element-a3edaac\" data-id=\"a3edaac\" data-element_type=\"column\">\n\t\t\t<div class=\"elementor-widget-wrap elementor-element-populated\">\n\t\t\t\t\t\t\t\t<div class=\"elementor-element elementor-element-104c1b5 elementor-widget elementor-widget-heading\" data-id=\"104c1b5\" data-element_type=\"widget\" data-widget_type=\"heading.default\">\n\t\t\t\t<div class=\"elementor-widget-container\">\n\t\t\t<style>\/*! elementor - v3.17.0 - 08-11-2023 *\/\n.elementor-heading-title{padding:0;margin:0;line-height:1}.elementor-widget-heading .elementor-heading-title[class*=elementor-size-]>a{color:inherit;font-size:inherit;line-height:inherit}.elementor-widget-heading .elementor-heading-title.elementor-size-small{font-size:15px}.elementor-widget-heading .elementor-heading-title.elementor-size-medium{font-size:19px}.elementor-widget-heading .elementor-heading-title.elementor-size-large{font-size:29px}.elementor-widget-heading .elementor-heading-title.elementor-size-xl{font-size:39px}.elementor-widget-heading .elementor-heading-title.elementor-size-xxl{font-size:59px}<\/style><h2 class=\"elementor-heading-title elementor-size-default\">La s\u00e9curit\u00e9 au c\u0153ur de nos pr\u00e9occupations\n<\/h2>\t\t<\/div>\n\t\t\t\t<\/div>\n\t\t\t\t\t<\/div>\n\t\t<\/div>\n\t\t\t\t\t\t\t<\/div>\n\t\t<\/section>\n\t\t\t\t<section class=\"elementor-section elementor-top-section elementor-element elementor-element-cc1d130 elementor-section-full_width elementor-section-height-default elementor-section-height-default\" data-id=\"cc1d130\" data-element_type=\"section\" data-settings=\"{&quot;background_background&quot;:&quot;classic&quot;}\">\n\t\t\t\t\t\t<div class=\"elementor-container elementor-column-gap-default\">\n\t\t\t\t\t<div class=\"elementor-column elementor-col-100 elementor-top-column elementor-element elementor-element-91ec33c\" data-id=\"91ec33c\" data-element_type=\"column\">\n\t\t\t<div class=\"elementor-widget-wrap elementor-element-populated\">\n\t\t\t\t\t\t\t\t<div class=\"elementor-element elementor-element-b5566c3 elementor-widget elementor-widget-heading\" data-id=\"b5566c3\" data-element_type=\"widget\" data-widget_type=\"heading.default\">\n\t\t\t\t<div class=\"elementor-widget-container\">\n\t\t\t<h2 class=\"elementor-heading-title elementor-size-default\">Loi 25<\/h2>\t\t<\/div>\n\t\t\t\t<\/div>\n\t\t\t\t<div class=\"elementor-element elementor-element-944cd07 elementor-widget elementor-widget-text-editor\" data-id=\"944cd07\" data-element_type=\"widget\" data-widget_type=\"text-editor.default\">\n\t\t\t\t<div class=\"elementor-widget-container\">\n\t\t\t<style>\/*! elementor - v3.17.0 - 08-11-2023 *\/\n.elementor-widget-text-editor.elementor-drop-cap-view-stacked .elementor-drop-cap{background-color:#69727d;color:#fff}.elementor-widget-text-editor.elementor-drop-cap-view-framed .elementor-drop-cap{color:#69727d;border:3px solid;background-color:transparent}.elementor-widget-text-editor:not(.elementor-drop-cap-view-default) .elementor-drop-cap{margin-top:8px}.elementor-widget-text-editor:not(.elementor-drop-cap-view-default) .elementor-drop-cap-letter{width:1em;height:1em}.elementor-widget-text-editor .elementor-drop-cap{float:left;text-align:center;line-height:1;font-size:50px}.elementor-widget-text-editor .elementor-drop-cap-letter{display:inline-block}<\/style>\t\t\t\t<p><strong>La Loi 25 et la Protection des Informations Personnelles de Nos Clients<\/strong><\/p><p>Chez l\u2019Air en F\u00eate nous accordons une importance primordiale \u00e0 la confidentialit\u00e9 et \u00e0 la protection des informations de nos clients. C&rsquo;est pourquoi nous nous conformons rigoureusement \u00e0 la Loi 25, qui r\u00e9glemente la non-divulgation des informations personnelles.<\/p><p>La Loi 25 vise \u00e0 garantir la confidentialit\u00e9 des donn\u00e9es personnelles de nos clients. Elle \u00e9tablit des directives claires et des m\u00e9canismes de s\u00e9curit\u00e9 pour s&rsquo;assurer que ces informations sensibles ne soient ni divulgu\u00e9es ni exploit\u00e9es de mani\u00e8re inappropri\u00e9e. En tant qu&rsquo;entreprise, nous sommes tenus de respecter ces dispositions et de mettre en place des mesures de s\u00e9curit\u00e9 ad\u00e9quates.<\/p>\t\t\t\t\t\t<\/div>\n\t\t\t\t<\/div>\n\t\t\t\t\t<\/div>\n\t\t<\/div>\n\t\t\t\t\t\t\t<\/div>\n\t\t<\/section>\n\t\t\t\t<section class=\"elementor-section elementor-top-section elementor-element elementor-element-174b362 elementor-section-full_width elementor-section-height-default elementor-section-height-default\" data-id=\"174b362\" data-element_type=\"section\">\n\t\t\t\t\t\t<div class=\"elementor-container elementor-column-gap-default\">\n\t\t\t\t\t<div class=\"elementor-column elementor-col-100 elementor-top-column elementor-element elementor-element-254ea34\" data-id=\"254ea34\" data-element_type=\"column\">\n\t\t\t<div class=\"elementor-widget-wrap elementor-element-populated\">\n\t\t\t\t\t\t\t\t<div class=\"elementor-element elementor-element-eccd570 elementor-widget elementor-widget-heading\" data-id=\"eccd570\" data-element_type=\"widget\" data-widget_type=\"heading.default\">\n\t\t\t\t<div class=\"elementor-widget-container\">\n\t\t\t<h2 class=\"elementor-heading-title elementor-size-default\">\n<\/h2>\t\t<\/div>\n\t\t\t\t<\/div>\n\t\t\t\t\t<\/div>\n\t\t<\/div>\n\t\t\t\t\t\t\t<\/div>\n\t\t<\/section>\n\t\t\t\t<section class=\"elementor-section elementor-top-section elementor-element elementor-element-6712d8a elementor-section-full_width elementor-section-height-default elementor-section-height-default\" data-id=\"6712d8a\" data-element_type=\"section\">\n\t\t\t\t\t\t<div class=\"elementor-container elementor-column-gap-default\">\n\t\t\t\t\t<div class=\"elementor-column elementor-col-100 elementor-top-column elementor-element elementor-element-70359a1\" data-id=\"70359a1\" data-element_type=\"column\">\n\t\t\t<div class=\"elementor-widget-wrap elementor-element-populated\">\n\t\t\t\t\t\t\t\t<div class=\"elementor-element elementor-element-3031388 elementor-widget elementor-widget-text-editor\" data-id=\"3031388\" data-element_type=\"widget\" data-widget_type=\"text-editor.default\">\n\t\t\t\t<div class=\"elementor-widget-container\">\n\t\t\t\t\t\t\t\t\t\t\t\t\t<\/div>\n\t\t\t\t<\/div>\n\t\t\t\t<div class=\"elementor-element elementor-element-e910823 elementor-widget elementor-widget-text-editor\" data-id=\"e910823\" data-element_type=\"widget\" data-widget_type=\"text-editor.default\">\n\t\t\t\t<div class=\"elementor-widget-container\">\n\t\t\t\t\t\t\t\t\t\t\t\t\t<\/div>\n\t\t\t\t<\/div>\n\t\t\t\t<div class=\"elementor-element elementor-element-1abce32 elementor-widget elementor-widget-text-editor\" data-id=\"1abce32\" data-element_type=\"widget\" data-widget_type=\"text-editor.default\">\n\t\t\t\t<div class=\"elementor-widget-container\">\n\t\t\t\t\t\t\t\t\t\t\t\t\t<\/div>\n\t\t\t\t<\/div>\n\t\t\t\t<div class=\"elementor-element elementor-element-e87cdd9 elementor-widget elementor-widget-heading\" data-id=\"e87cdd9\" data-element_type=\"widget\" data-widget_type=\"heading.default\">\n\t\t\t\t<div class=\"elementor-widget-container\">\n\t\t\t<h2 class=\"elementor-heading-title elementor-size-default\">Est-il possible de communiquer avec le service \u00e0 la client\u00e8le ?\n<\/h2>\t\t<\/div>\n\t\t\t\t<\/div>\n\t\t\t\t<div class=\"elementor-element elementor-element-978cef7 elementor-widget elementor-widget-text-editor\" data-id=\"978cef7\" data-element_type=\"widget\" data-widget_type=\"text-editor.default\">\n\t\t\t\t<div class=\"elementor-widget-container\">\n\t\t\t\t\t\t\t<div class=\"x-main full\" role=\"main\">\n<article id=\"post-10704\" class=\"post-10704 page type-page status-publish hentry no-post-thumbnail\">\n<div class=\"entry-content content\">\n<div id=\"x-content-band-4\" class=\"x-content-band vc\">\n<div class=\"x-container wpb_row\">\n<div class=\"x-column x-sm vc x-1-1\">\n<div id=\"x-content-band-5\" class=\"x-content-band vc\">\n<div class=\"x-container wpb_row\">\n<div class=\"x-column x-sm vc x-1-1\">\n<p>Notre service \u00e0 la client\u00e8le est ouvert du lundi au vendredi de 8h30 \u00e0 17h00. Vous pouvez nous joindre au:&nbsp;<span style=\"font-size: 16px;\">&nbsp;<\/span><a style=\"font-size: 16px; background-color: #ffffff;\" href=\"tel:514-990-1414\">514-990-1414 poste 205.<\/a><span style=\"font-size: 16px;\">&nbsp;<\/span><\/p>\n<\/div>\n<\/div>\n<\/div>\n<\/div>\n<\/div>\n<\/div>\n<\/div>\n<\/article>\n<\/div>\t\t\t\t\t\t<\/div>\n\t\t\t\t<\/div>\n\t\t\t\t\t<\/div>\n\t\t<\/div>\n\t\t\t\t\t\t\t<\/div>\n\t\t<\/section>\n\t\t\t\t\t\t\t<\/div>\n\t\t","protected":false},"excerpt":{"rendered":"<p>La s\u00e9curit\u00e9 au c\u0153ur de nos pr\u00e9occupations Loi 25 La Loi 25 et la Protection des Informations Personnelles de Nos Clients Chez l\u2019Air en F\u00eate nous accordons une importance primordiale \u00e0 la confidentialit\u00e9 et \u00e0 la protection des informations de nos clients. C&rsquo;est pourquoi nous nous conformons rigoureusement \u00e0 la Loi 25, qui r\u00e9glemente la &hellip;<\/p>\n<p class=\"read-more\"> <a class=\"\" href=\"https:\/\/www.airenfete.com\/staging\/loi-25\/\"> <span class=\"screen-reader-text\">Loi 25<\/span> Lire la suite\u00a0\u00bb<\/a><\/p>\n","protected":false},"author":1,"featured_media":0,"parent":0,"menu_order":0,"comment_status":"closed","ping_status":"closed","template":"","meta":{"site-sidebar-layout":"no-sidebar","site-content-layout":"page-builder","ast-global-header-display":"","ast-banner-title-visibility":"","ast-main-header-display":"","ast-hfb-above-header-display":"","ast-hfb-below-header-display":"","ast-hfb-mobile-header-display":"","site-post-title":"disabled","ast-breadcrumbs-content":"","ast-featured-img":"disabled","footer-sml-layout":"","theme-transparent-header-meta":"default","adv-header-id-meta":"","stick-header-meta":"","header-above-stick-meta":"","header-main-stick-meta":"","header-below-stick-meta":"","footnotes":""},"class_list":["post-20","page","type-page","status-publish","hentry"],"_links":{"self":[{"href":"https:\/\/www.airenfete.com\/staging\/wp-json\/wp\/v2\/pages\/20","targetHints":{"allow":["GET"]}}],"collection":[{"href":"https:\/\/www.airenfete.com\/staging\/wp-json\/wp\/v2\/pages"}],"about":[{"href":"https:\/\/www.airenfete.com\/staging\/wp-json\/wp\/v2\/types\/page"}],"author":[{"embeddable":true,"href":"https:\/\/www.airenfete.com\/staging\/wp-json\/wp\/v2\/users\/1"}],"replies":[{"embeddable":true,"href":"https:\/\/www.airenfete.com\/staging\/wp-json\/wp\/v2\/comments?post=20"}],"version-history":[{"count":57,"href":"https:\/\/www.airenfete.com\/staging\/wp-json\/wp\/v2\/pages\/20\/revisions"}],"predecessor-version":[{"id":1305,"href":"https:\/\/www.airenfete.com\/staging\/wp-json\/wp\/v2\/pages\/20\/revisions\/1305"}],"wp:attachment":[{"href":"https:\/\/www.airenfete.com\/staging\/wp-json\/wp\/v2\/media?parent=20"}],"curies":[{"name":"wp","href":"https:\/\/api.w.org\/{rel}","templated":true}]}}